{"id":30,"date":"2026-01-01T14:31:16","date_gmt":"2026-01-01T14:31:16","guid":{"rendered":"https:\/\/igamerpg.de\/?page_id=30"},"modified":"2026-01-01T14:59:50","modified_gmt":"2026-01-01T14:59:50","slug":"impressum","status":"publish","type":"page","link":"https:\/\/igamerpg.de\/index.php\/impressum\/","title":{"rendered":"IMPRESSUM"},"content":{"rendered":"\n<h1 class=\"wp-block-heading\">IgameRPG <strong>Website<\/strong><\/h1>\n\n\n\n<p>Dieses Impressum gilt f\u00fcr alle Angebote unter der Domain www.igamerpg.de inklusive aller Subdomains (Unterseiten).<\/p>\n\n\n\n<p><strong>Angaben gem\u00e4\u00df \u00a7 5 DDG<\/strong><\/p>\n\n\n\n<p>Rene Granat<br>Knorrstra\u00dfe 5<br>04319<br>Telefon: 0162 4684356<br>E-Mail: admin@igamerpg.de<br>WhatsApp: 0162 4684356<\/p>\n","protected":false},"excerpt":{"rendered":"<p>IgameRPG Website Dieses Impressum gilt f\u00fcr alle Angebote unter der Domain www.igamerpg.de inklusive aller Subdomains (Unterseiten). Angaben gem\u00e4\u00df \u00a7 5 DDG Rene GranatKnorrstra\u00dfe 504319Telefon: 0162 4684356E-Mail: admin@igamerpg.deWhatsApp: 0162 4684356<\/p>\n","protected":false},"author":1,"featured_media":0,"parent":0,"menu_order":0,"comment_status":"closed","ping_status":"closed","template":"","meta":{"footnotes":""},"class_list":["post-30","page","type-page","status-publish","hentry"],"_links":{"self":[{"href":"https:\/\/igamerpg.de\/index.php\/wp-json\/wp\/v2\/pages\/30","targetHints":{"allow":["GET"]}}],"collection":[{"href":"https:\/\/igamerpg.de\/index.php\/wp-json\/wp\/v2\/pages"}],"about":[{"href":"https:\/\/igamerpg.de\/index.php\/wp-json\/wp\/v2\/types\/page"}],"author":[{"embeddable":true,"href":"https:\/\/igamerpg.de\/index.php\/wp-json\/wp\/v2\/users\/1"}],"replies":[{"embeddable":true,"href":"https:\/\/igamerpg.de\/index.php\/wp-json\/wp\/v2\/comments?post=30"}],"version-history":[{"count":3,"href":"https:\/\/igamerpg.de\/index.php\/wp-json\/wp\/v2\/pages\/30\/revisions"}],"predecessor-version":[{"id":34,"href":"https:\/\/igamerpg.de\/index.php\/wp-json\/wp\/v2\/pages\/30\/revisions\/34"}],"wp:attachment":[{"href":"https:\/\/igamerpg.de\/index.php\/wp-json\/wp\/v2\/media?parent=30"}],"curies":[{"name":"wp","href":"https:\/\/api.w.org\/{rel}","templated":true}]}}